{"id":26,"date":"2019-08-10T09:10:19","date_gmt":"2019-08-10T09:10:19","guid":{"rendered":"http:\/\/wordpress.oculus-plexus.de\/?page_id=26"},"modified":"2019-08-31T14:16:12","modified_gmt":"2019-08-31T14:16:12","slug":"mitglieder","status":"publish","type":"page","link":"http:\/\/wordpress.oculus-plexus.de\/?page_id=26","title":{"rendered":"Mitglieder"},"content":{"rendered":"\n<div class=\"wp-block-media-text alignwide\" style=\"grid-template-columns:31% auto\"><figure class=\"wp-block-media-text__media\"><img loading=\"lazy\" decoding=\"async\" width=\"600\" height=\"684\" src=\"http:\/\/wordpress.oculus-plexus.de\/wp-content\/uploads\/2019\/08\/Jeanne-1.jpeg\" alt=\"\" class=\"wp-image-59\" srcset=\"http:\/\/wordpress.oculus-plexus.de\/wp-content\/uploads\/2019\/08\/Jeanne-1.jpeg 600w, http:\/\/wordpress.oculus-plexus.de\/wp-content\/uploads\/2019\/08\/Jeanne-1-263x300.jpeg 263w\" sizes=\"auto, (max-width: 600px) 100vw, 600px\" \/><\/figure><div class=\"wp-block-media-text__content\">\n<p><strong>Gro\u00dfmeisterin Jeanne Alouette (@Schneelilie)<\/strong><\/p>\n\n\n\n<p>\n\nJeanne ist eine junge Bretonin, die sich in Zeiten der Unruhe auf die Reise machte, um Abenteuer zu erleben. W\u00e4hrend dieser Abenteuer traf sie auf Khajargo. &nbsp;Der junge Khajiit konnte Jeanne \u00fcberzeugen, sich seiner Suche anzuschlie\u00dfen. Und wer wei\u00df, vielleicht ergibt sich aus diesem B\u00fcndnis Ruhm und Reichtum?\n\n<\/p>\n<\/div><\/div>\n\n\n\n<div style=\"height:100px\" aria-hidden=\"true\" class=\"wp-block-spacer\"><\/div>\n\n\n\n<div class=\"wp-block-media-text alignwide\" style=\"grid-template-columns:31% auto\"><figure class=\"wp-block-media-text__media\"><img loading=\"lazy\" decoding=\"async\" width=\"544\" height=\"766\" src=\"http:\/\/wordpress.oculus-plexus.de\/wp-content\/uploads\/2019\/08\/Tija3.png\" alt=\"\" class=\"wp-image-67\" srcset=\"http:\/\/wordpress.oculus-plexus.de\/wp-content\/uploads\/2019\/08\/Tija3.png 544w, http:\/\/wordpress.oculus-plexus.de\/wp-content\/uploads\/2019\/08\/Tija3-213x300.png 213w\" sizes=\"auto, (max-width: 544px) 100vw, 544px\" \/><\/figure><div class=\"wp-block-media-text__content\">\n<p><strong>Tijali Sh&#8217;kalana (@Kekenny)<\/strong> &#8211;<br><em>&#8222;Erkl\u00e4rb\u00e4r&#8220; <\/em>in Raids und Dungeons<\/p>\n\n\n\n<p>\n\nDie junge Khajiit ist nach langer Zeit des einsamen Umherreisens durch Tamriel der Verlockung nach Ruhm und Reichtum folgend in die gef\u00e4hrlichen Gebiete Kargsteins vorgedrungen. Dort musste sie schnell erfahren, dass es t\u00f6dlich enden w\u00fcrde, versuchte man diese trostlosen Gebiete auf eigene Faust zu erkunden. Im Archiv der Suche traf sie schlie\u00dflich auf Serevan und schloss sich seiner Sache an.\n\n<\/p>\n<\/div><\/div>\n\n\n\n<div style=\"height:100px\" aria-hidden=\"true\" class=\"wp-block-spacer\"><\/div>\n\n\n\n<div class=\"wp-block-media-text alignwide\" style=\"grid-template-columns:31% auto\"><figure class=\"wp-block-media-text__media\"><img loading=\"lazy\" decoding=\"async\" width=\"519\" height=\"541\" src=\"http:\/\/wordpress.oculus-plexus.de\/wp-content\/uploads\/2019\/08\/ely-01.jpg\" alt=\"\" class=\"wp-image-60\" srcset=\"http:\/\/wordpress.oculus-plexus.de\/wp-content\/uploads\/2019\/08\/ely-01.jpg 519w, http:\/\/wordpress.oculus-plexus.de\/wp-content\/uploads\/2019\/08\/ely-01-288x300.jpg 288w\" sizes=\"auto, (max-width: 519px) 100vw, 519px\" \/><\/figure><div class=\"wp-block-media-text__content\">\n<p class=\"has-medium-font-size\"><strong>Elyradan (@Sagittarius1974)<\/strong> &#8211; Tankexpertin<\/p>\n\n\n\n<p>\n\n\u2013 Ely die kleine Waldelfe \u2013 immer hilfsbereit, st\u00fcrzt sich gerne ins Get\u00fcmmel auch wenn sie gerne mal tot umf\u00e4llt \u2013 Gildenurgestein \u2013 durch Zufall in einem Dungeon \u00fcber den ehemaligen Gildenleiter Khajargo gestolpert und von den M\u00e4dels der Gilde adoptiert worden.\n\n<\/p>\n<\/div><\/div>\n\n\n\n<div style=\"height:100px\" aria-hidden=\"true\" class=\"wp-block-spacer\"><\/div>\n\n\n\n<div class=\"wp-block-media-text alignwide\" style=\"grid-template-columns:32% auto\"><figure class=\"wp-block-media-text__media\"><img loading=\"lazy\" decoding=\"async\" width=\"250\" height=\"250\" src=\"http:\/\/wordpress.oculus-plexus.de\/wp-content\/uploads\/2019\/08\/Kloster_s.jpeg\" alt=\"\" class=\"wp-image-71\" srcset=\"http:\/\/wordpress.oculus-plexus.de\/wp-content\/uploads\/2019\/08\/Kloster_s.jpeg 250w, http:\/\/wordpress.oculus-plexus.de\/wp-content\/uploads\/2019\/08\/Kloster_s-150x150.jpeg 150w, http:\/\/wordpress.oculus-plexus.de\/wp-content\/uploads\/2019\/08\/Kloster_s-75x75.jpeg 75w\" sizes=\"auto, (max-width: 250px) 100vw, 250px\" \/><\/figure><div class=\"wp-block-media-text__content\">\n<p><strong>Klosterbr\u00e4u (@metalmonster)<\/strong> &#8211; Feiereiexperte<\/p>\n\n\n\n<p>\n\nDie T\u00fcr der Gildenhalle fliegt mit viel Schwung auf&#8230; und mit genau so viel Schwung wieder zu: *AUUUUUUUU*&#8230; der laute Knall der zu krachenden T\u00fcr wird von einem Schrei \u00fcbert\u00f6nt. Wieder \u00f6ffnet sich gro\u00dfe T\u00fcr der Gildenhalle langsam und behutsam. Ein Wanderpriester steht vor der T\u00fcr und h\u00e4lt sich die blutende Nase. Aus einer Ecke grollt ein dunkles Lachen &#8222;Komm rein Kloster&#8220;. Der Priester taumelt rein und schliesst sachte die T\u00fcr. &#8222;Scheiss tut das weh\u2026 AUA.. da kann man doch was machen..&#8220; ein greller Blitz erhellt den Raum *AAARG* &#8222;Au verdammt&#8230; Dunkles Aufleuchten.. Auu *hick* ..das war wohl der Falsche&#8220;. Leicht glimmend steht der gut gebr\u00e4unte Priester wankend im Raum. Aus der Ecke grollt es wieder dunkel &#8222;Nach Selbstheilung kommt selbst Verst\u00fcmmelung.&#8220; Gel\u00e4chter macht sich breit und verstummt augenblicklich als ein weiterer greller Blitz die Halle erleuchtet.. *AHHHHH* &#8222;Viel besser&#8230; Hauch des Lebens *hick* noch Mana nachkippen und mit nem k\u00fchlen Bier runtersp\u00fclen!&#8220; In einer dunklen Ecke erhebt sich langsam unter knarzen und scheppern ein riesiger, in Vollplatte ger\u00fcsteter Nord. Der Boden bebt als er scheppernd zu Klosterbr\u00e4u stampft &#8222;Was passt am besten zu gegrilltem Priester?&#8220; Der Priester blickt langsam nach oben &#8222;Ein Bier?\u201c &#8211; \u201eGenau\u201c grummelt der Nord &#8211; beide wanken zur Theke und gr\u00f6len einvernehmlich &#8222;PROST!\u201c.\n\n<\/p>\n<\/div><\/div>\n\n\n\n<div style=\"height:100px\" aria-hidden=\"true\" class=\"wp-block-spacer\"><\/div>\n\n\n\n<div class=\"wp-block-media-text alignwide\" style=\"grid-template-columns:32% auto\"><figure class=\"wp-block-media-text__media\"><img loading=\"lazy\" decoding=\"async\" width=\"1024\" height=\"576\" src=\"http:\/\/wordpress.oculus-plexus.de\/wp-content\/uploads\/2019\/08\/wishna_Adsini-1024x576.png\" alt=\"\" class=\"wp-image-72\" srcset=\"http:\/\/wordpress.oculus-plexus.de\/wp-content\/uploads\/2019\/08\/wishna_Adsini-1024x576.png 1024w, http:\/\/wordpress.oculus-plexus.de\/wp-content\/uploads\/2019\/08\/wishna_Adsini-300x169.png 300w, http:\/\/wordpress.oculus-plexus.de\/wp-content\/uploads\/2019\/08\/wishna_Adsini-768x432.png 768w, http:\/\/wordpress.oculus-plexus.de\/wp-content\/uploads\/2019\/08\/wishna_Adsini-1140x641.png 1140w, http:\/\/wordpress.oculus-plexus.de\/wp-content\/uploads\/2019\/08\/wishna_Adsini.png 1891w\" sizes=\"auto, (max-width: 1024px) 100vw, 1024px\" \/><\/figure><div class=\"wp-block-media-text__content\">\n<p><strong>Adsini (@wishna)<\/strong> &#8211; Heilexpertin<\/p>\n\n\n\n<p>Auf meinen Reisen durch Orsinium traf ich auf einen Abenteurer, der sich mir als \u201ePalfra\u201c vorstellte.<\/p>\n\n\n\n<p>Schnell stellten wir fest, dass wir beide die Leidenschaft f\u00fcr das Handwerken teilen und brachen gemeinsam auf, um die ber\u00fchmte Morkuldin Schmiede zu suchen.<\/p>\n\n\n\n<p>Unser Weg f\u00fchrte uns durch finstere H\u00f6hlen und uralte Ruinen, doch schlie\u00dflich erreichten wir unser Ziel.<\/p>\n\n\n\n<p>Palfra erz\u00e4hlte mir, er geh\u00f6re zu einem Kult, der sich \u201eOculus Plexus\u201c nennt. Trotz anf\u00e4nglicher Skepsis, sich einem Kult hinzugeben, trat auch ich diesem Kult bei.<\/p>\n\n\n\n<p>Doch nicht nur das. Meinen Lebensgef\u00e4hrten Vaati \u00fcberzeugte ich m\u00fchelos, ebenfalls dem Kult beizutreten und er integrierte sich hervorragend.<\/p>\n\n\n\n<p>Noch heute bestreiten wir gemeinsam die dunkelsten Verliese und schwersten Pr\u00fcfungen und ich hoffe, dass wir noch viele Abenteuer zusammen erleben.<\/p>\n<\/div><\/div>\n\n\n\n<div style=\"height:100px\" aria-hidden=\"true\" class=\"wp-block-spacer\"><\/div>\n\n\n\n<div class=\"wp-block-media-text alignwide\" style=\"grid-template-columns:32% auto\"><figure class=\"wp-block-media-text__media\"><img loading=\"lazy\" decoding=\"async\" width=\"926\" height=\"920\" src=\"http:\/\/wordpress.oculus-plexus.de\/wp-content\/uploads\/2019\/08\/Maguns008_Vaati.png\" alt=\"\" class=\"wp-image-75\" srcset=\"http:\/\/wordpress.oculus-plexus.de\/wp-content\/uploads\/2019\/08\/Maguns008_Vaati.png 926w, http:\/\/wordpress.oculus-plexus.de\/wp-content\/uploads\/2019\/08\/Maguns008_Vaati-150x150.png 150w, http:\/\/wordpress.oculus-plexus.de\/wp-content\/uploads\/2019\/08\/Maguns008_Vaati-300x298.png 300w, http:\/\/wordpress.oculus-plexus.de\/wp-content\/uploads\/2019\/08\/Maguns008_Vaati-768x763.png 768w, http:\/\/wordpress.oculus-plexus.de\/wp-content\/uploads\/2019\/08\/Maguns008_Vaati-75x75.png 75w\" sizes=\"auto, (max-width: 926px) 100vw, 926px\" \/><\/figure><div class=\"wp-block-media-text__content\">\n<p><strong>Vaati (@Maguns008)<\/strong> &#8211; DD-Experte<\/p>\n\n\n\n<p>Durch Zufall entdeckte er eine ganz neue Gruppe, der sich seine Freundin wishna wohl vor einiger Zeit angeschlossen hat. Er erkannte, dass sie ihn brauchen und dass er hier endlich Teil von etwas gro\u00dfem werden konnte. Auch fand er hier in Kekenny eine Rivalin, mit der er sich in vielen Herausforderungen messen kann.<\/p>\n\n\n\n<p>Der starke Khajiit Vaati war nie einsam. Doch stets auf der Suche nach neuen Herausforderungen, war er rastlos. Die immer wechselnden Gruppen von Abenteurern, denen er sich nie zugeh\u00f6rig f\u00fchlte langweilten ihn. <\/p>\n<\/div><\/div>\n\n\n\n<div style=\"height:100px\" aria-hidden=\"true\" class=\"wp-block-spacer\"><\/div>\n\n\n\n<div class=\"wp-block-media-text alignwide\" style=\"grid-template-columns:32% auto\"><figure class=\"wp-block-media-text__media\"><img loading=\"lazy\" decoding=\"async\" width=\"1024\" height=\"576\" src=\"http:\/\/wordpress.oculus-plexus.de\/wp-content\/uploads\/2019\/08\/T\u00eerigon-1024x576.png\" alt=\"\" class=\"wp-image-76\" srcset=\"http:\/\/wordpress.oculus-plexus.de\/wp-content\/uploads\/2019\/08\/T\u00eerigon-1024x576.png 1024w, http:\/\/wordpress.oculus-plexus.de\/wp-content\/uploads\/2019\/08\/T\u00eerigon-300x169.png 300w, http:\/\/wordpress.oculus-plexus.de\/wp-content\/uploads\/2019\/08\/T\u00eerigon-768x432.png 768w, http:\/\/wordpress.oculus-plexus.de\/wp-content\/uploads\/2019\/08\/T\u00eerigon-1140x641.png 1140w, http:\/\/wordpress.oculus-plexus.de\/wp-content\/uploads\/2019\/08\/T\u00eerigon.png 1920w\" sizes=\"auto, (max-width: 1024px) 100vw, 1024px\" \/><\/figure><div class=\"wp-block-media-text__content\">\n<p><strong>T\u00eerigon (@T\u00eerigon)<\/strong><\/p>\n\n\n\n<p>\n\nMein Name ist T\u00eerigon und ich diene niemandem au\u00dfer mir selbst und folge meinem eigenen Kodex. Ich helfe anderen, jedoch nicht aus Mitgef\u00fchl, sondern weil ich es will. Ich t\u00f6te, jedoch nicht aus der Not heraus, sondern weil ich es kann. Ich glaube an den Tod und die Endlichkeit einer jeden Existenz. Ewigkeit ist eine Illusion, Unsterblichkeit eine L\u00fcge.\n\n<\/p>\n<\/div><\/div>\n\n\n\n<div style=\"height:100px\" aria-hidden=\"true\" class=\"wp-block-spacer\"><\/div>\n\n\n\n<figure class=\"wp-block-image is-resized\"><img loading=\"lazy\" decoding=\"async\" src=\"http:\/\/wordpress.oculus-plexus.de\/wp-content\/uploads\/2019\/08\/Sanjer.png\" alt=\"\" class=\"wp-image-80\" width=\"336\" height=\"442\" srcset=\"http:\/\/wordpress.oculus-plexus.de\/wp-content\/uploads\/2019\/08\/Sanjer.png 448w, http:\/\/wordpress.oculus-plexus.de\/wp-content\/uploads\/2019\/08\/Sanjer-228x300.png 228w\" sizes=\"auto, (max-width: 336px) 100vw, 336px\" \/><figcaption><strong>Sanjer<\/strong><\/figcaption><\/figure>\n\n\n\n<div style=\"height:100px\" aria-hidden=\"true\" class=\"wp-block-spacer\"><\/div>\n\n\n\n<figure class=\"wp-block-image is-resized\"><img loading=\"lazy\" decoding=\"async\" src=\"http:\/\/wordpress.oculus-plexus.de\/wp-content\/uploads\/2019\/08\/Cashel.png\" alt=\"\" class=\"wp-image-81\" width=\"400\" height=\"400\" srcset=\"http:\/\/wordpress.oculus-plexus.de\/wp-content\/uploads\/2019\/08\/Cashel.png 800w, http:\/\/wordpress.oculus-plexus.de\/wp-content\/uploads\/2019\/08\/Cashel-150x150.png 150w, http:\/\/wordpress.oculus-plexus.de\/wp-content\/uploads\/2019\/08\/Cashel-300x300.png 300w, http:\/\/wordpress.oculus-plexus.de\/wp-content\/uploads\/2019\/08\/Cashel-768x768.png 768w, http:\/\/wordpress.oculus-plexus.de\/wp-content\/uploads\/2019\/08\/Cashel-75x75.png 75w\" sizes=\"auto, (max-width: 400px) 100vw, 400px\" \/><figcaption><strong>Cashel<\/strong><\/figcaption><\/figure>\n\n\n\n<div style=\"height:100px\" aria-hidden=\"true\" class=\"wp-block-spacer\"><\/div>\n\n\n\n<figure class=\"wp-block-image is-resized\"><img loading=\"lazy\" decoding=\"async\" src=\"http:\/\/wordpress.oculus-plexus.de\/wp-content\/uploads\/2019\/08\/20190616173847_1-1024x576.jpg\" alt=\"\" class=\"wp-image-85\" width=\"512\" height=\"288\" srcset=\"http:\/\/wordpress.oculus-plexus.de\/wp-content\/uploads\/2019\/08\/20190616173847_1-1024x576.jpg 1024w, http:\/\/wordpress.oculus-plexus.de\/wp-content\/uploads\/2019\/08\/20190616173847_1-300x169.jpg 300w, http:\/\/wordpress.oculus-plexus.de\/wp-content\/uploads\/2019\/08\/20190616173847_1-768x432.jpg 768w, http:\/\/wordpress.oculus-plexus.de\/wp-content\/uploads\/2019\/08\/20190616173847_1-1140x641.jpg 1140w, http:\/\/wordpress.oculus-plexus.de\/wp-content\/uploads\/2019\/08\/20190616173847_1.jpg 1920w\" sizes=\"auto, (max-width: 512px) 100vw, 512px\" \/><figcaption><strong>Nightripper71<\/strong><\/figcaption><\/figure>\n\n\n\n<p>Wer als Gildenmitglied sein Foto mit oder ohne Beschreibung auf der Webseite sehen m\u00f6chte, schreibt bitte eine Nachricht an:  <a href=\"mailto:webmaster@oculus-plexus.de\">webmaster@oculus-plexus.de<\/a> <\/p>\n","protected":false},"excerpt":{"rendered":"<p>Gro\u00dfmeisterin Jeanne Alouette (@Schneelilie) Jeanne ist eine junge Bretonin, die sich in Zeiten der Unruhe auf die Reise machte, um Abenteuer zu erleben. W\u00e4hrend dieser Abenteuer traf sie auf Khajargo. &nbsp;Der junge Khajiit konnte Jeanne \u00fcberzeugen, sich seiner Suche anzuschlie\u00dfen. Und wer wei\u00df, vielleicht ergibt sich aus diesem B\u00fcndnis Ruhm und Reichtum? Tijali Sh&#8217;kalana (@Kekenny) &#8211;&#8222;Erkl\u00e4rb\u00e4r&#8220; in Raids und Dungeons Die junge Khajiit ist nach langer Zeit des einsamen Umherreisens durch Tamriel der Verlockung nach Ruhm und Reichtum folgend in die gef\u00e4hrlichen Gebiete Kargsteins vorgedrungen. Dort musste sie schnell erfahren, dass es t\u00f6dlich enden w\u00fcrde, versuchte man diese trostlosen Gebiete auf eigene Faust zu erkunden. Im Archiv der Suche traf sie schlie\u00dflich auf Serevan und schloss sich seiner Sache an. Elyradan (@Sagittarius1974) &#8211; Tankexpertin \u2013 Ely die kleine Waldelfe \u2013 immer hilfsbereit, st\u00fcrzt sich gerne ins Get\u00fcmmel auch wenn sie gerne mal tot umf\u00e4llt \u2013 Gildenurgestein \u2013 durch Zufall in einem Dungeon \u00fcber den ehemaligen Gildenleiter Khajargo gestolpert und von den M\u00e4dels der Gilde adoptiert worden. Klosterbr\u00e4u (@metalmonster) &#8211; Feiereiexperte Die T\u00fcr der Gildenhalle fliegt mit viel Schwung auf&#8230; und mit genau so viel Schwung wieder zu: *AUUUUUUUU*&#8230; der laute Knall der zu krachenden T\u00fcr wird von einem Schrei \u00fcbert\u00f6nt. Wieder \u00f6ffnet sich gro\u00dfe T\u00fcr der Gildenhalle langsam und behutsam. Ein Wanderpriester steht vor der T\u00fcr und h\u00e4lt sich die blutende Nase. Aus einer Ecke grollt ein dunkles Lachen &#8222;Komm rein Kloster&#8220;. Der Priester taumelt rein und schliesst sachte die T\u00fcr. &#8222;Scheiss tut das weh\u2026 AUA.. da kann man doch was machen..&#8220; ein greller Blitz erhellt den Raum *AAARG* &#8222;Au verdammt&#8230; Dunkles Aufleuchten.. Auu *hick* ..das war wohl der Falsche&#8220;. Leicht glimmend steht der gut gebr\u00e4unte Priester wankend im Raum. Aus der Ecke grollt es wieder dunkel &#8222;Nach Selbstheilung kommt selbst Verst\u00fcmmelung.&#8220; Gel\u00e4chter macht sich breit und verstummt augenblicklich als ein weiterer greller Blitz die Halle erleuchtet.. *AHHHHH* &#8222;Viel besser&#8230; Hauch des Lebens *hick* noch Mana nachkippen und mit nem k\u00fchlen Bier runtersp\u00fclen!&#8220; In einer dunklen Ecke erhebt sich langsam unter knarzen und scheppern ein riesiger, in Vollplatte ger\u00fcsteter Nord. Der Boden bebt als er scheppernd zu Klosterbr\u00e4u stampft &#8222;Was passt am besten zu gegrilltem Priester?&#8220; Der Priester blickt langsam nach oben &#8222;Ein Bier?\u201c &#8211; \u201eGenau\u201c grummelt der Nord &#8211; beide wanken zur Theke und gr\u00f6len einvernehmlich &#8222;PROST!\u201c. Adsini (@wishna) &#8211; Heilexpertin Auf meinen Reisen durch Orsinium traf ich auf einen Abenteurer, der sich mir als \u201ePalfra\u201c vorstellte. Schnell stellten wir fest, dass wir beide die Leidenschaft f\u00fcr das Handwerken teilen und brachen gemeinsam auf, um die ber\u00fchmte Morkuldin Schmiede zu suchen. Unser Weg f\u00fchrte uns durch finstere H\u00f6hlen und uralte Ruinen, doch schlie\u00dflich erreichten wir unser Ziel. Palfra erz\u00e4hlte mir, er geh\u00f6re zu einem Kult, der sich \u201eOculus Plexus\u201c nennt. Trotz anf\u00e4nglicher Skepsis, sich einem Kult hinzugeben, trat auch ich diesem Kult bei. Doch nicht nur das. Meinen Lebensgef\u00e4hrten Vaati \u00fcberzeugte ich m\u00fchelos, ebenfalls dem Kult beizutreten und er integrierte sich hervorragend. Noch heute bestreiten wir gemeinsam die dunkelsten Verliese und schwersten Pr\u00fcfungen und ich hoffe, dass wir noch viele Abenteuer zusammen erleben. Vaati (@Maguns008) &#8211; DD-Experte Durch Zufall entdeckte er eine ganz neue Gruppe, der sich seine Freundin wishna wohl vor einiger Zeit angeschlossen hat. Er erkannte, dass sie ihn brauchen und dass er hier endlich Teil von etwas gro\u00dfem werden konnte. Auch fand er hier in Kekenny eine Rivalin, mit der er sich in vielen Herausforderungen messen kann. Der starke Khajiit Vaati war nie einsam. Doch stets auf der Suche nach neuen Herausforderungen, war er rastlos. Die immer wechselnden Gruppen von Abenteurern, denen er sich nie zugeh\u00f6rig f\u00fchlte langweilten ihn. T\u00eerigon (@T\u00eerigon) Mein Name ist T\u00eerigon und ich diene niemandem au\u00dfer mir selbst und folge meinem eigenen Kodex. Ich helfe anderen, jedoch nicht aus Mitgef\u00fchl, sondern weil ich es will. Ich t\u00f6te, jedoch nicht aus der Not heraus, sondern weil ich es kann. Ich glaube an den Tod und die Endlichkeit einer jeden Existenz. Ewigkeit ist eine Illusion, Unsterblichkeit eine L\u00fcge. Wer als Gildenmitglied sein Foto mit oder ohne Beschreibung auf der Webseite sehen m\u00f6chte, schreibt bitte eine Nachricht an: webmaster@oculus-plexus.de<\/p>\n","protected":false},"author":1,"featured_media":0,"parent":0,"menu_order":0,"comment_status":"closed","ping_status":"closed","template":"","meta":{"footnotes":""},"class_list":["post-26","page","type-page","status-publish","hentry"],"_links":{"self":[{"href":"http:\/\/wordpress.oculus-plexus.de\/index.php?rest_route=\/wp\/v2\/pages\/26","targetHints":{"allow":["GET"]}}],"collection":[{"href":"http:\/\/wordpress.oculus-plexus.de\/index.php?rest_route=\/wp\/v2\/pages"}],"about":[{"href":"http:\/\/wordpress.oculus-plexus.de\/index.php?rest_route=\/wp\/v2\/types\/page"}],"author":[{"embeddable":true,"href":"http:\/\/wordpress.oculus-plexus.de\/index.php?rest_route=\/wp\/v2\/users\/1"}],"replies":[{"embeddable":true,"href":"http:\/\/wordpress.oculus-plexus.de\/index.php?rest_route=%2Fwp%2Fv2%2Fcomments&post=26"}],"version-history":[{"count":13,"href":"http:\/\/wordpress.oculus-plexus.de\/index.php?rest_route=\/wp\/v2\/pages\/26\/revisions"}],"predecessor-version":[{"id":154,"href":"http:\/\/wordpress.oculus-plexus.de\/index.php?rest_route=\/wp\/v2\/pages\/26\/revisions\/154"}],"wp:attachment":[{"href":"http:\/\/wordpress.oculus-plexus.de\/index.php?rest_route=%2Fwp%2Fv2%2Fmedia&parent=26"}],"curies":[{"name":"wp","href":"https:\/\/api.w.org\/{rel}","templated":true}]}}